{"id":27409,"date":"2023-08-29T00:23:01","date_gmt":"2023-08-28T17:23:01","guid":{"rendered":"https:\/\/longvu.io.vn\/balohanoi\/?post_type=product&#038;p=27409"},"modified":"2023-09-04T10:35:02","modified_gmt":"2023-09-04T03:35:02","slug":"balo-du-lich-phuot-nho-gon-jack-wolfskin-hamrock-12l","status":"publish","type":"product","link":"https:\/\/longvu.io.vn\/balohanoi\/san-pham\/balo-du-lich-phuot-nho-gon-jack-wolfskin-hamrock-12l\/","title":{"rendered":"Balo du l\u1ecbch ph\u01b0\u1ee3t nh\u1ecf g\u1ecdn Jack Wolfskin Hamrock 12L"},"content":{"rendered":"<p><strong><em>Balo Jack Wolfskin 12L<\/em><\/strong> l\u00e0 thi\u1ebft k\u1ebf balo du l\u1ecbch, d\u00e3 ngo\u1ea1i c\u1ee1 nh\u1ecf c\u1ee7a th\u01b0\u01a1ng hi\u1ec7u \u0111\u00ecnh \u0111\u00e1m Jack Wolfskin &#8211; th\u01b0\u01a1ng hi\u1ec7u v\u1ec1 c\u00e1c s\u1ea3n ph\u1ea9m ngo\u00e0i tr\u1eddi ch\u1ea5t l\u01b0\u1ee3ng qu\u1ed1c t\u1ebf. Balo c\u00f3 thi\u1ebft k\u1ebf g\u1ecdn nh\u1eb9 v\u1edbi nhi\u1ec1u ng\u0103n ch\u1ee9a ph\u00f9 h\u1ee3p cho c\u00e1c chuy\u1ebfn \u0111i d\u00e3 ngo\u1ea1i, du l\u1ecbch ng\u1eafn ng\u00e0y, \u0111i \u0111\u1ea1p xe hay leo n\u00fai,&#8230; C\u00f9ng <em>balotot<\/em> kh\u00e1m ph\u00e1 k\u0129 h\u01a1n m\u1eabu ph\u1ee5 ki\u1ec7n m\u1edbi n\u00e0y nh\u00e9!<\/p>\n<p><img decoding=\"async\" loading=\"lazy\" class=\"aligncenter wp-image-26880 size-full\" title=\"Balo du l\u1ecbch ph\u01b0\u1ee3t nh\u1ecf g\u1ecdn Jack Wolfskin Hamrock 12L\" src=\"https:\/\/balotot.com\/wp-content\/uploads\/2023\/06\/z4363302522400_ac86922778d4e10c95de8f70a9f9b163.jpg\" alt=\"Balo du l\u1ecbch ph\u01b0\u1ee3t nh\u1ecf g\u1ecdn Jack Wolfskin Hamrock 12L\" width=\"800\" height=\"800\" \/><\/p>\n<h2>M\u00f4 t\u1ea3 s\u1ea3n ph\u1ea9m<\/h2>\n<h3>Thi\u1ebft k\u1ebf g\u1ecdn nh\u1eb9<\/h3>\n<p><img decoding=\"async\" loading=\"lazy\" class=\"aligncenter size-full wp-image-26888\" src=\"https:\/\/balotot.com\/wp-content\/uploads\/2023\/06\/z4365731627268_fdc865844f4d286f8696102ab7034632.jpg\" alt=\"\" width=\"800\" height=\"800\" title=\"\"> <img decoding=\"async\" loading=\"lazy\" class=\"aligncenter size-full wp-image-26887\" src=\"https:\/\/balotot.com\/wp-content\/uploads\/2023\/06\/z4365629823147_69034801b88da6a57a420f1afe8b3e92.jpg\" alt=\"\" width=\"800\" height=\"800\" title=\"\"><\/p>\n","protected":false},"excerpt":{"rendered":"<p>&#8211; K\u00edch th\u01b0\u1edbc: 44cm x 19cm x 16cm<br \/>\n&#8211; Dung t\u00edch: 12 lit<br \/>\n&#8211; Ch\u1ea5t v\u1ea3i Cross Rip 210D, Cross Link PE nh\u1eb9, b\u1ec1n b\u1ec9, ch\u1ed1ng th\u1ea5m t\u1ed1t<br \/>\n&#8211; Tr\u1ecdng l\u01b0\u1ee3ng: 540 grams<br \/>\n&#8211; M\u00e0u s\u1eafc: V\u00e0ng chanh, Xanh d\u01b0\u01a1ng, Xanh \u0111\u1eadm, Xanh green, \u0110\u1ecf \u0111\u00f4.<br \/>\n&#8211; C\u00f3 \u00e1o ba l\u00f4 m\u01b0a \u0111i k\u00e8m<br \/>\n&#8211; B\u1ea3o h\u00e0nh: 1 n\u0103m (d\u00e2y \u0111eo, kh\u00f3a k\u00e9o, \u0111\u01b0\u1eddng may)<\/p>\n","protected":false},"featured_media":27410,"comment_status":"closed","ping_status":"closed","template":"","meta":[],"product_cat":[16,278,276,254],"product_tag":[],"_links":{"self":[{"href":"https:\/\/longvu.io.vn\/balohanoi\/wp-json\/wp\/v2\/product\/27409"}],"collection":[{"href":"https:\/\/longvu.io.vn\/balohanoi\/wp-json\/wp\/v2\/product"}],"about":[{"href":"https:\/\/longvu.io.vn\/balohanoi\/wp-json\/wp\/v2\/types\/product"}],"replies":[{"embeddable":true,"href":"https:\/\/longvu.io.vn\/balohanoi\/wp-json\/wp\/v2\/comments?post=27409"}],"wp:featuredmedia":[{"embeddable":true,"href":"https:\/\/longvu.io.vn\/balohanoi\/wp-json\/wp\/v2\/media\/27410"}],"wp:attachment":[{"href":"https:\/\/longvu.io.vn\/balohanoi\/wp-json\/wp\/v2\/media?parent=27409"}],"wp:term":[{"taxonomy":"product_cat","embeddable":true,"href":"https:\/\/longvu.io.vn\/balohanoi\/wp-json\/wp\/v2\/product_cat?post=27409"},{"taxonomy":"product_tag","embeddable":true,"href":"https:\/\/longvu.io.vn\/balohanoi\/wp-json\/wp\/v2\/product_tag?post=27409"}],"curies":[{"name":"wp","href":"https:\/\/api.w.org\/{rel}","templated":true}]}}