{"id":27406,"date":"2023-08-29T00:21:04","date_gmt":"2023-08-28T17:21:04","guid":{"rendered":"https:\/\/longvu.io.vn\/balohanoi\/?post_type=product&#038;p=27406"},"modified":"2023-11-24T09:27:16","modified_gmt":"2023-11-24T02:27:16","slug":"balo-hoc-sinh-tieu-hoc-sakos-kid-jolly-sieu-nhe-chong-gu","status":"publish","type":"product","link":"https:\/\/longvu.io.vn\/balohanoi\/san-pham\/balo-hoc-sinh-tieu-hoc-sakos-kid-jolly-sieu-nhe-chong-gu\/","title":{"rendered":"Balo h\u1ecdc sinh ti\u1ec3u h\u1ecdc Sakos Kid Jolly si\u00eau nh\u1eb9 ch\u1ed1ng g\u00f9"},"content":{"rendered":"<p><strong>Balo h\u1ecdc sinh ti\u1ec3u h\u1ecdc Sakos Kid Jolly<\/strong> l\u00e0 m\u1eabu balo h\u1ecdc sinh ti\u1ec3u h\u1ecdc cho b\u00e9 t\u1eeb l\u1edbp 1 \u0111\u1ebfn l\u1edbp 5 \u0111\u1ebfn t\u1eeb th\u01b0\u01a1ng hi\u1ec7u Sakos v\u1eeba \u0111\u01b0\u1ee3c ra m\u1eaft m\u00f9a h\u00e8 n\u0103m nay. Balo v\u1edbi nhi\u1ec1u t\u00ednh n\u0103ng \u01b0u vi\u1ec7t nh\u01b0 si\u00eau nh\u1eb9, ch\u1ed1ng g\u00f9 \u0111\u01b0\u1ee3c may \u1edf k\u1ef9 thu\u1eadt m\u1edbi hi\u1ec7n \u0111\u1ea1i v\u1edbi nhi\u1ec1u c\u1ea3i ti\u1ebfn m\u1edbi gi\u00fap b\u00e9 mang theo s\u00e1ch v\u1edf c\u00e1c \u0111\u1ed3 d\u00f9ng c\u00e1 nh\u00e2n&#8230; r\u1ea5t ti\u1ec7n l\u1ee3i gi\u00fap cha m\u1eb9 ho\u00e0n to\u00e0n y\u00ean t\u00e2m khi b\u00e9 \u0111i h\u1ecdc. Balo \u0111\u01b0\u1ee3c thi\u1ebft k\u1ebf r\u1ea5t r\u1ed9ng r\u00e3i c\u00f9ng nhi\u1ec1u ng\u0103n \u0111\u1ef1ng \u0111\u1ed3 \u0111\u01b0\u1ee3c thi\u1ebft k\u1ebf th\u00f4ng minh, gi\u00fap c\u00e1c m\u1eb9 c\u00f3 th\u1ec3 d\u1ec5 d\u00e0ng s\u1eafp x\u1ebfp c\u00e1c m\u00f3n \u0111\u1ed3 c\u1ea7n thi\u1ebft 1 c\u00e1ch ph\u00f9 h\u1ee3p nh\u1ea5t.<\/p>\n<p><img decoding=\"async\" loading=\"lazy\" class=\"alignnone wp-image-26922 size-full\" src=\"https:\/\/balotot.com\/wp-content\/uploads\/2023\/07\/balo-Sakos-Kid-Jolly.png\" alt=\"\" width=\"900\" height=\"900\" title=\"\"> <img decoding=\"async\" loading=\"lazy\" class=\"alignnone wp-image-26923 size-full\" src=\"https:\/\/balotot.com\/wp-content\/uploads\/2023\/07\/balo-Sakos-Kid-Jolly1.png\" alt=\"\" width=\"900\" height=\"900\" title=\"\"> <img decoding=\"async\" loading=\"lazy\" class=\"alignnone wp-image-26924 size-full\" src=\"https:\/\/balotot.com\/wp-content\/uploads\/2023\/07\/balo-Sakos-Kid-Jolly2.png\" alt=\"\" width=\"900\" height=\"900\" title=\"\"><\/p>\n","protected":false},"excerpt":{"rendered":"<h3>T\u00ednh n\u0103ng n\u1ed5i b\u1eadt:<\/h3>\n<p>&#8211; M\u00e0u s\u1eafc: Xanh d\u01b0\u01a1ng, xanh bi\u1ec3n, xanh r\u00eau, cam, h\u1ed3ng, kem<br \/>\n&#8211; Ch\u1ea5t li\u1ec7u: Polyester<br \/>\n&#8211; Tr\u1ecdng l\u01b0\u1ee3ng: 0.7 kg<br \/>\n&#8211; K\u00edch th\u01b0\u1edbc: 27x15x36 cm<br \/>\n&#8211; T\u1ea3i tr\u1ecdng t\u1ed1i \u0111a: 10 kg<br \/>\n&#8211; Th\u1eddi h\u1ea1n b\u1ea3o h\u00e0nh: 05 n\u0103m<\/p>\n","protected":false},"featured_media":27407,"comment_status":"closed","ping_status":"closed","template":"","meta":[],"product_cat":[16,254,334,257],"product_tag":[],"_links":{"self":[{"href":"https:\/\/longvu.io.vn\/balohanoi\/wp-json\/wp\/v2\/product\/27406"}],"collection":[{"href":"https:\/\/longvu.io.vn\/balohanoi\/wp-json\/wp\/v2\/product"}],"about":[{"href":"https:\/\/longvu.io.vn\/balohanoi\/wp-json\/wp\/v2\/types\/product"}],"replies":[{"embeddable":true,"href":"https:\/\/longvu.io.vn\/balohanoi\/wp-json\/wp\/v2\/comments?post=27406"}],"wp:featuredmedia":[{"embeddable":true,"href":"https:\/\/longvu.io.vn\/balohanoi\/wp-json\/wp\/v2\/media\/27407"}],"wp:attachment":[{"href":"https:\/\/longvu.io.vn\/balohanoi\/wp-json\/wp\/v2\/media?parent=27406"}],"wp:term":[{"taxonomy":"product_cat","embeddable":true,"href":"https:\/\/longvu.io.vn\/balohanoi\/wp-json\/wp\/v2\/product_cat?post=27406"},{"taxonomy":"product_tag","embeddable":true,"href":"https:\/\/longvu.io.vn\/balohanoi\/wp-json\/wp\/v2\/product_tag?post=27406"}],"curies":[{"name":"wp","href":"https:\/\/api.w.org\/{rel}","templated":true}]}}