{"id":27404,"date":"2023-08-29T00:18:56","date_gmt":"2023-08-28T17:18:56","guid":{"rendered":"https:\/\/longvu.io.vn\/balohanoi\/?post_type=product&#038;p=27404"},"modified":"2023-09-20T21:32:59","modified_gmt":"2023-09-20T14:32:59","slug":"balo-dung-laptop-15-6-inch-simplecarry-p7","status":"publish","type":"product","link":"https:\/\/longvu.io.vn\/balohanoi\/san-pham\/balo-dung-laptop-15-6-inch-simplecarry-p7\/","title":{"rendered":"Balo \u0111\u1ef1ng laptop 15.6 inch Simplecarry P7"},"content":{"rendered":"<p>Balo \u0111\u1ef1ng laptop 15.6 inch Simplecarry P7 ch\u00ednh h\u00e3ng cho laptop 15.6inch v\u1edbi ch\u1ea5t li\u1ec7u v\u1ea3i ch\u1ed1ng n\u01b0\u1edbc polyester ch\u1ed1ng n\u01b0\u1edbc c\u1ef1c t\u1ed1t, ng\u0103n ch\u1ee9a th\u00f4ng minh gi\u00fap b\u1ea1n c\u00f3 th\u1ec3 d\u1ec5 d\u00e0ng thao t\u00e1c l\u1ea5y \u0111\u1ed3 nhanh ch\u00f3ng, quai \u0111eo v\u00e0 quai x\u00e1ch \u00eam \u00e1i. Thi\u1ebft k\u1ebf g\u1ecdn g\u00e0ng v\u1edbi nhi\u1ec1u ng\u0103n \u0111\u1ef1ng \u0111\u1ed3 r\u1ea5t ph\u00f9 h\u1ee3p khi \u0111i h\u1ecdc, \u0111i l\u00e0m.<\/p>\n<p><img decoding=\"async\" loading=\"lazy\" class=\"aligncenter size-full wp-image-27008\" src=\"https:\/\/balotot.com\/wp-content\/uploads\/2023\/07\/balo-Simplecarry-P78.jpg\" alt=\"balo-Simplecarry-P7\" width=\"1000\" height=\"1000\" title=\"\"><\/p>\n<p><img decoding=\"async\" loading=\"lazy\" class=\"aligncenter size-full wp-image-27007\" src=\"https:\/\/balotot.com\/wp-content\/uploads\/2023\/07\/balo-Simplecarry-P77.jpg\" alt=\"balo-Simplecarry-P7\" width=\"1000\" height=\"1000\" title=\"\"><\/p>\n<p><img decoding=\"async\" loading=\"lazy\" class=\"aligncenter size-full wp-image-26995\" src=\"https:\/\/balotot.com\/wp-content\/uploads\/2023\/07\/sc-p7-bk-2_a405c7ed660648b5a9a30.jpg\" alt=\"Balo \u0111\u1ef1ng laptop 15.6 inch Simplecarry P7\" width=\"1000\" height=\"1000\" title=\"\"><\/p>\n","protected":false},"excerpt":{"rendered":"<h3>T\u00ednh n\u0103ng n\u1ed5i b\u1eadt :<\/h3>\n<p>&#8211; \u0110\u1ef1ng v\u1eeba laptop: 15.6\u201d<br \/>\n&#8211; M\u00e0u s\u1eafc: \u0110en X\u00e1m<br \/>\n&#8211; K\u00edch th\u01b0\u1edbc: 46 x 36 x19 cm<br \/>\n&#8211; C\u00e2n n\u1eb7ng: 1 kg<br \/>\n&#8211; T\u1ea3i tr\u1ecdng t\u1ed1i \u0111a: 25 kg<br \/>\n&#8211; Ch\u1ea5t li\u1ec7u v\u1ea3i: Polyester tr\u01b0\u1ee3t n\u01b0\u1edbc<br \/>\n&#8211; S\u1ed1 ng\u0103n: 1 ng\u0103n ch\u00ednh, 2 ng\u0103n ph\u1ee5<\/p>\n","protected":false},"featured_media":27405,"comment_status":"closed","ping_status":"closed","template":"","meta":[],"product_cat":[16,255,278,276,254],"product_tag":[],"_links":{"self":[{"href":"https:\/\/longvu.io.vn\/balohanoi\/wp-json\/wp\/v2\/product\/27404"}],"collection":[{"href":"https:\/\/longvu.io.vn\/balohanoi\/wp-json\/wp\/v2\/product"}],"about":[{"href":"https:\/\/longvu.io.vn\/balohanoi\/wp-json\/wp\/v2\/types\/product"}],"replies":[{"embeddable":true,"href":"https:\/\/longvu.io.vn\/balohanoi\/wp-json\/wp\/v2\/comments?post=27404"}],"wp:featuredmedia":[{"embeddable":true,"href":"https:\/\/longvu.io.vn\/balohanoi\/wp-json\/wp\/v2\/media\/27405"}],"wp:attachment":[{"href":"https:\/\/longvu.io.vn\/balohanoi\/wp-json\/wp\/v2\/media?parent=27404"}],"wp:term":[{"taxonomy":"product_cat","embeddable":true,"href":"https:\/\/longvu.io.vn\/balohanoi\/wp-json\/wp\/v2\/product_cat?post=27404"},{"taxonomy":"product_tag","embeddable":true,"href":"https:\/\/longvu.io.vn\/balohanoi\/wp-json\/wp\/v2\/product_tag?post=27404"}],"curies":[{"name":"wp","href":"https:\/\/api.w.org\/{rel}","templated":true}]}}