{"id":27402,"date":"2023-08-29T00:15:18","date_gmt":"2023-08-28T17:15:18","guid":{"rendered":"https:\/\/longvu.io.vn\/balohanoi\/?post_type=product&#038;p=27402"},"modified":"2023-08-29T00:16:21","modified_gmt":"2023-08-28T17:16:21","slug":"balo-laptop-da-that-cao-cap-bopai-61-122101","status":"publish","type":"product","link":"https:\/\/longvu.io.vn\/balohanoi\/san-pham\/balo-laptop-da-that-cao-cap-bopai-61-122101\/","title":{"rendered":"Balo laptop da th\u1eadt cao c\u1ea5p Bopai 61-122101"},"content":{"rendered":"<p>M\u1ed9t chi\u1ebfc balo laptop v\u1eeba \u0111\u00e1p \u1ee9ng nhu c\u1ea7u mang theo m\u00e1y t\u00ednh x\u00e1ch tay khi ra ngo\u00e0i l\u1ea1i th\u1ec3 hi\u1ec7n \u0111\u01b0\u1ee3c s\u1ef1 sang tr\u1ecdng v\u00e0 n\u1ed5i b\u1eadt th\u00ec kh\u00f4ng th\u1ec3 n\u00e0o b\u1ecf qua c\u00e1c thi\u1ebft k\u1ebf balo laptop b\u1eb1ng da th\u1eadt. Nh\u1eefng thi\u1ebft k\u1ebf b\u1eb1ng da th\u1eadt lu\u00f4n lu\u00f4n mang \u0111\u1ebfn cho b\u1ea1n s\u1ef1 l\u1ecbch l\u00e3m v\u00e0 ch\u1ec9n chu c\u1ea7n thi\u1ebft khi \u0111i g\u1eb7p \u0111\u1ed1i t\u00e1c, kh\u00e1ch h\u00e0ng ho\u1eb7c \u0111i c\u00f4ng t\u00e1c, du l\u1ecbch. N\u1ebfu nh\u01b0 b\u1ea1n \u0111ang t\u00ecm ki\u1ebfm m\u1ed9t chi\u1ebfc balo nh\u01b0 v\u1eady th\u00ec \u0111\u1eebng b\u1ecf l\u1ee1 g\u1ee3i \u00fd sau \u0111\u00e2y t\u1eeb balotot.com nh\u00e9!<\/p>\n<p>C\u00f9ng <em>balotot<\/em> kh\u00e1m ph\u00e1 thi\u1ebft k\u1ebf balo th\u1eddi trang m\u1edbi nh\u1ea5t t\u1eeb th\u01b0\u01a1ng hi\u1ec7u <em>Bopai<\/em> &#8211; <em><strong>Balo laptop da th\u1eadt cao c\u1ea5p Bopai 61-122101<\/strong><\/em> v\u00e0 xem s\u1ea3n ph\u1ea9m n\u00e0y c\u00f3 \u0111i\u1ec3m g\u00ec n\u1ed5i b\u1eadt nha!<\/p>\n<h2><img decoding=\"async\" loading=\"lazy\" class=\"aligncenter wp-image-27133 size-full\" title=\"Balo laptop da th\u1eadt cao c\u1ea5p Bopai 61-122101\" src=\"https:\/\/balotot.com\/wp-content\/uploads\/2023\/08\/O1CN01JZPXB31zQm0CcHs1w_1929626709-0-cib.jpg\" alt=\"Balo laptop da th\u1eadt cao c\u1ea5p Bopai 61-122101\" width=\"800\" height=\"800\" \/><br \/>\nM\u00f4 t\u1ea3 s\u1ea3n ph\u1ea9m<\/h2>\n<h3>Thi\u1ebft k\u1ebf \u1ea5n t\u01b0\u1ee3ng, n\u1ed5i b\u1eadt<\/h3>\n<p><img decoding=\"async\" loading=\"lazy\" class=\"aligncenter size-full wp-image-27135\" src=\"https:\/\/balotot.com\/wp-content\/uploads\/2023\/08\/O1CN01qviCtW1zQm4N3XqA7_1929626709-0-cib.jpg\" alt=\"\" width=\"800\" height=\"800\" title=\"\"><\/p>\n<p>Balo laptop Bopai 61-122101 c\u00f3 thi\u1ebft k\u1ebf \u1ea5n t\u01b0\u1ee3ng. Balo to\u00e0n b\u1ed9 l\u00e0 t\u00f4ng m\u00e0u \u0111en ph\u1ed1i c\u00f9ng line xanh \u0111\u1eadm ch\u00ednh gi\u1eefa balo t\u1ea1o \u0111i\u1ec3m nh\u1ea5n n\u1ed5i b\u1eadt. M\u1eb7t tr\u01b0\u1edbc c\u00f3 m\u00f3c tag th\u01b0\u01a1ng hi\u1ec7u Bopai nh\u01b0 kh\u1eb3ng \u0111\u1ecbnh ch\u1ea5t l\u01b0\u1ee3ng s\u1ea3n ph\u1ea9m t\u1eeb th\u01b0\u01a1ng hi\u1ec7u s\u1ea3n xu\u1ea5t balo, t\u00fai x\u00e1ch n\u1ed5i ti\u1ebfng c\u1ee7a \u00dd. Bopai 61-122101 mang \u0111\u1ebfn cho b\u1ea1n s\u1ef1 l\u1ecbch l\u00e3m, ch\u1ec9n chu v\u00e0 s\u00e0nh \u0111i\u1ec7u. S\u1ea3n ph\u1ea9m ph\u00f9 h\u1ee3p s\u1eed d\u1ee5ng cho doanh nh\u00e2n, nh\u00e2n vi\u00ean v\u0103n ph\u00f2ng ho\u1eb7c nh\u1eefng ng\u01b0\u1eddi y\u00eau th\u00edch balo laptop b\u1eb1ng da th\u1eadt.<\/p>\n","protected":false},"excerpt":{"rendered":"<p>\u2013 M\u00e3 s\u1ea3n ph\u1ea9m: Balo laptop Bopai 61-122101<br \/>\n\u2013 K\u00edch th\u01b0\u1edbc: 30*14*43.5cm<br \/>\n\u2013 Ch\u1ea5t li\u1ec7u: Da b\u00f2 l\u1edbp tr\u00ean c\u00f9ng<br \/>\n\u2013 Ng\u0103n laptop ri\u00eang bi\u1ec7t, v\u1eeba m\u00e1y t\u00ednh 15.6 inch<br \/>\n\u2013 Ng\u0103n ch\u00ednh r\u1ed9ng, \u0111\u1ef1ng \u0111\u1ed3 tho\u1ea3i m\u00e1i<br \/>\n&#8211; D\u00e2y \u0111eo \u00eam \u00e1i, d\u1ec5 d\u00e0ng \u0111i\u1ec1u ch\u1ec9nh<br \/>\n&#8211; \u0110\u1ec7m l\u01b0ng tho\u00e1ng kh\u00ed, tho\u00e1t m\u1ed3 h\u00f4i t\u1ed1t.<br \/>\n&#8211; T\u00edch h\u1ee3p c\u1ed5ng s\u1ea1c USB ti\u1ec7n l\u1ee3i<\/p>\n","protected":false},"featured_media":27403,"comment_status":"closed","ping_status":"closed","template":"","meta":[],"product_cat":[16,255,278,335,254,256],"product_tag":[],"_links":{"self":[{"href":"https:\/\/longvu.io.vn\/balohanoi\/wp-json\/wp\/v2\/product\/27402"}],"collection":[{"href":"https:\/\/longvu.io.vn\/balohanoi\/wp-json\/wp\/v2\/product"}],"about":[{"href":"https:\/\/longvu.io.vn\/balohanoi\/wp-json\/wp\/v2\/types\/product"}],"replies":[{"embeddable":true,"href":"https:\/\/longvu.io.vn\/balohanoi\/wp-json\/wp\/v2\/comments?post=27402"}],"wp:featuredmedia":[{"embeddable":true,"href":"https:\/\/longvu.io.vn\/balohanoi\/wp-json\/wp\/v2\/media\/27403"}],"wp:attachment":[{"href":"https:\/\/longvu.io.vn\/balohanoi\/wp-json\/wp\/v2\/media?parent=27402"}],"wp:term":[{"taxonomy":"product_cat","embeddable":true,"href":"https:\/\/longvu.io.vn\/balohanoi\/wp-json\/wp\/v2\/product_cat?post=27402"},{"taxonomy":"product_tag","embeddable":true,"href":"https:\/\/longvu.io.vn\/balohanoi\/wp-json\/wp\/v2\/product_tag?post=27402"}],"curies":[{"name":"wp","href":"https:\/\/api.w.org\/{rel}","templated":true}]}}