{"id":1475,"date":"2015-01-29T13:58:48","date_gmt":"2015-01-29T06:58:48","guid":{"rendered":"https:\/\/longvu.io.vn\/balohanoi\/?page_id=1475"},"modified":"2020-08-10T13:46:19","modified_gmt":"2020-08-10T06:46:19","slug":"huong-dan-mua-hang","status":"publish","type":"page","link":"https:\/\/longvu.io.vn\/balohanoi\/huong-dan-mua-hang\/","title":{"rendered":"H\u01af\u1edaNG D\u1eaaN MUA H\u00c0NG"},"content":{"rendered":"<h2 style=\"text-align: justify;\">MUA H\u00c0NG C\u00d3 S\u1eb4N<\/h2>\n<p style=\"text-align: justify;\"><strong>&#8211; Tr\u1ef1c ti\u1ebfp t\u1ea1i shop: balotot.com<\/strong>\u00a0:<\/p>\n<p>-\u0110\u1ecba ch\u1ec9 1: 165 \u0110\u00d4NG C\u00c1C- \u0110\u1ed0NG \u0110A &#8211; H\u00e0 N\u1ed9i<\/p>\n<p style=\"text-align: justify;\"><strong>&#8211; Website c\u1ee7a shop:<\/strong><\/p>\n<ul>\n<li style=\"text-align: justify;\">Truy c\u1eadp website <a title=\"shop balotot.com\" href=\"https:\/\/longvu.io.vn\/balohanoi\/\"><strong>balotot.com<\/strong><\/a>, t\u00ecm ki\u1ebfm theo \u00fd th\u00edch ho\u1eb7c theo M\u00e3 SP \u0111\u1ec3 xem th\u00f4ng tin chi ti\u1ebft.<\/li>\n<li style=\"text-align: justify;\">Ch\u1ecdn s\u1ed1 l\u01b0\u1ee3ng s\u1ea3n ph\u1ea9m mu\u1ed1n mua, v\u00e0 click MUA H\u00c0NG, s\u1ea3n ph\u1ea9m s\u1ebd \u0111\u01b0\u1ee3c l\u01b0u trong gi\u1ecf h\u00e0ng v\u00e0 ch\u1edd thanh to\u00e1n.<\/li>\n<li style=\"text-align: justify;\">Click l\u00ean bi\u1ec3u t\u01b0\u1ee3ng Gi\u1ecf h\u00e0ng \u1edf g\u00f3c tr\u00ean b\u00ean ph\u1ea3i \u0111\u1ec3 c\u00f3 th\u1ec3 ti\u1ebfn h\u00e0nh thanh to\u00e1n.<\/li>\n<li style=\"text-align: justify;\">Sau khi ho\u00e0n t\u1ea5t \u0111\u01a1n h\u00e0ng, b\u1ea1n s\u1ebd nh\u1eadn \u0111\u01b0\u1ee3c \u0111i\u1ec7n tho\u1ea1i c\u1ee7a balotot.com x\u00e1c nh\u1eadn \u0111\u1eb7t h\u00e0ng ho\u1eb7c y\u00eau c\u1ea7u thanh to\u00e1n (n\u1ebfu ch\u1ecdn h\u00ecnh th\u1ee9c chuy\u1ec3n kho\u1ea3n).<\/li>\n<\/ul>\n<p style=\"text-align: justify;\">N\u1ebfu s\u1ea3n ph\u1ea9m h\u1ebft h\u00e0ng, qu\u00fd kh\u00e1ch vui l\u00f2ng xem m\u1ee5c \u0110\u1eb6T H\u00c0NG KH\u00d4NG C\u00d3 S\u1eb4N<\/p>\n<h2 style=\"text-align: justify;\">\u0110\u1eb6T H\u00c0NG KH\u00d4NG C\u00d3 S\u1eb4N<\/h2>\n<p style=\"text-align: justify;\">Kh\u00e1ch h\u00e0ng chuy\u1ec3n kho\u1ea3n \u0111\u1eb7t c\u1ecdc 20% gi\u00e1 tr\u1ecb s\u1ea3n ph\u1ea9m.<\/p>\n<p style=\"text-align: justify;\">Shop s\u1ebd ti\u1ebfn h\u00e0nh \u0111\u1eb7t h\u00e0ng v\u1edbi nh\u00e0 s\u1ea3n xu\u1ea5t v\u00e0 th\u00f4ng b\u00e1o v\u1edbi kh\u00e1ch h\u00e0ng v\u1ec1 th\u1eddi gian d\u1ef1 ki\u1ebfn nh\u1eadn \u0111\u01b0\u1ee3c h\u00e0ng, th\u00f4ng th\u01b0\u1eddng t\u1eeb 10 &#8211; 15 ng\u00e0y l\u00e0m vi\u1ec7c.<\/p>\n<p style=\"text-align: justify;\">Khi h\u00e0ng v\u1ec1, qu\u00fd kh\u00e1ch thanh to\u00e1n n\u1ed1t 80% gi\u00e1 tr\u1ecb s\u1ea3n ph\u1ea9m c\u00f2n l\u1ea1i, shop s\u1ebd ti\u1ebfn h\u00e0nh v\u1eadn chuy\u1ec3n h\u00e0ng theo quy \u0111\u1ecbnh (xem Ph\u01b0\u01a1ng th\u1ee9c v\u1eadn chuy\u1ec3n)<\/p>\n<p style=\"text-align: justify;\">\u0110\u1eb6T H\u00c0NG<\/p>\n<p style=\"text-align: justify;\"><strong>Vui l\u00f2ng li\u00ean h\u1ec7 a Ng\u00f4 Anh &#8211; email: hotro@balotot.com. \u0110i\u1ec7n tho\u1ea1i 0977882385 &#8211; 0912.85.2222 ho\u1eb7c gh\u00e9 qua shop \u0111\u1ec3 \u0111\u01b0\u1ee3c t\u01b0 v\u1ea5n c\u1ee5 th\u1ec3.<\/strong><\/p>\n","protected":false},"excerpt":{"rendered":"<p>MUA H\u00c0NG C\u00d3 S\u1eb4N &#8211; Tr\u1ef1c ti\u1ebfp t\u1ea1i shop: balotot.com\u00a0: -\u0110\u1ecba ch\u1ec9 1: 165 \u0110\u00d4NG C\u00c1C- \u0110\u1ed0NG \u0110A &#8211; H\u00e0 N\u1ed9i &#8211; Website c\u1ee7a shop: Truy c\u1eadp website balotot.com, t\u00ecm ki\u1ebfm theo \u00fd th\u00edch ho\u1eb7c theo M\u00e3 SP \u0111\u1ec3 xem th\u00f4ng tin chi ti\u1ebft. Ch\u1ecdn s\u1ed1 l\u01b0\u1ee3ng s\u1ea3n ph\u1ea9m mu\u1ed1n mua, v\u00e0 click MUA H\u00c0NG, [&hellip;]<\/p>\n","protected":false},"author":1,"featured_media":0,"parent":0,"menu_order":0,"comment_status":"open","ping_status":"closed","template":"","meta":[],"_links":{"self":[{"href":"https:\/\/longvu.io.vn\/balohanoi\/wp-json\/wp\/v2\/pages\/1475"}],"collection":[{"href":"https:\/\/longvu.io.vn\/balohanoi\/wp-json\/wp\/v2\/pages"}],"about":[{"href":"https:\/\/longvu.io.vn\/balohanoi\/wp-json\/wp\/v2\/types\/page"}],"author":[{"embeddable":true,"href":"https:\/\/longvu.io.vn\/balohanoi\/wp-json\/wp\/v2\/users\/1"}],"replies":[{"embeddable":true,"href":"https:\/\/longvu.io.vn\/balohanoi\/wp-json\/wp\/v2\/comments?post=1475"}],"version-history":[{"count":0,"href":"https:\/\/longvu.io.vn\/balohanoi\/wp-json\/wp\/v2\/pages\/1475\/revisions"}],"wp:attachment":[{"href":"https:\/\/longvu.io.vn\/balohanoi\/wp-json\/wp\/v2\/media?parent=1475"}],"curies":[{"name":"wp","href":"https:\/\/api.w.org\/{rel}","templated":true}]}}